{"id":95,"date":"2020-09-17T07:30:56","date_gmt":"2020-09-17T06:30:56","guid":{"rendered":"http:\/\/zahnarztpraxis-nikolassee.de\/?page_id=95"},"modified":"2023-04-12T06:01:44","modified_gmt":"2023-04-12T05:01:44","slug":"corona-informationen","status":"publish","type":"page","link":"https:\/\/zahnarztpraxis-nikolassee.de\/?page_id=95","title":{"rendered":"Corona-Informationen"},"content":{"rendered":"\n<p><strong>Informationen zu COVID-19 (Coronavirus SARS-CoV-2)<\/strong><\/p>\n\n\n\n<p>Liebe Patientinnen und Patienten,<\/p>\n\n\n\n<p>mit dem 07.04.2023 sind auch im Gesundheitswesen die staatlich vor\u00adge\u00adschriebenen Ma\u00dfnahmen nach dem Infektionsschutzgesetz ausgelaufen. D.h. zum Beispiel auch, dass f\u00fcr die Besucher von Gesundheits\u00adein\u00adrich\u00adtun\u00adgen keine Maskenpflicht mehr besteht. <\/p>\n\n\n\n<p>Wir haben uns entschieden, auch in unserer Praxis einige Regelungen zu \u00e4ndern, jedoch auch, einige beizubehalten:<\/p>\n\n\n\n<ul class=\"wp-block-list\">\n<li>Es besteht keine Pflicht, eine Maske zu tragen. Das Praxis\u00adper\u00adsonal wird aber weiterhin bei Patientenkontakt eine Maske tragen.<\/li>\n\n\n\n<li>Wir schenken Ihnen weiterhin zur Begr\u00fc\u00dfung ein L\u00e4cheln, verzichten aber weiterhin auf das H\u00e4ndesch\u00fctteln.<\/li>\n\n\n\n<li>Wir m\u00f6chten Sie bitten, sich vor dem Betreten der Praxis die H\u00e4nde im Vorraum mit dem dort aufgeh\u00e4ngten Desin\u00adfektionsger\u00e4t zu desinfizieren. Das Ger\u00e4t funktioniert ber\u00fchrungslos und ist deswegen besonders gut f\u00fcr diese Zwecke geeignet.<\/li>\n\n\n\n<li>Sollten Sie akut unter Fieber, Atemwegserkrankungen oder einer Erk\u00e4ltung leiden, bitten wir Sie, uns telefonisch vor Betreten unserer Praxis zu informieren und das weitere Vorgehen abzustimmen.<\/li>\n\n\n\n<li>Wir werden weiterhin unsere Luftreiniger einsetzen und intensiv l\u00fcften. Sollte ihnen das L\u00fcften unangenehm sein, lassen Sie es uns wissen. <\/li>\n<\/ul>\n\n\n\n<p>Bislang haben wir es mit Ihrer Hilfe geschafft, gut durch die Pan\u00adde\u00admie geschafft, daf\u00fcr vielen Dank. Wir hoffen, dass wir mit den getroffenen Ma\u00dfnahmen weiter alle gesund bleiben k\u00f6nnen.<\/p>\n\n\n\n<p>Weitere Informationen zu COVID-19 im zahn\u00e4rztlichen Bereich finden Sie hier: <a href=\"https:\/\/www.zaek-berlin.de\/zahnaerzte\/coronavirus\" data-type=\"URL\" data-id=\"https:\/\/www.zaek-berlin.de\/zahnaerzte\/coronavirus\" target=\"_blank\" rel=\"noreferrer noopener\">https:\/\/www.zaek-berlin.de\/zahnaerzte\/coronavirus<\/a><\/p>\n\n\n\n<p>Ihr Praxisteam Birgit Sch\u00fctz<\/p>\n","protected":false},"excerpt":{"rendered":"<p>Informationen zu COVID-19 (Coronavirus SARS-CoV-2) Liebe Patientinnen und Patienten, mit dem 07.04.2023 sind auch im Gesundheitswesen die staatlich vor\u00adge\u00adschriebenen Ma\u00dfnahmen nach dem Infektionsschutzgesetz ausgelaufen. D.h. zum Beispiel auch, dass f\u00fcr die Besucher von Gesundheits\u00adein\u00adrich\u00adtun\u00adgen keine Maskenpflicht mehr besteht. Wir haben uns entschieden, auch in unserer Praxis einige Regelungen zu \u00e4ndern,<\/p>\n","protected":false},"author":1,"featured_media":0,"parent":0,"menu_order":0,"comment_status":"closed","ping_status":"closed","template":"","meta":{"footnotes":""},"class_list":["post-95","page","type-page","status-publish","hentry"],"_links":{"self":[{"href":"https:\/\/zahnarztpraxis-nikolassee.de\/index.php?rest_route=\/wp\/v2\/pages\/95","targetHints":{"allow":["GET"]}}],"collection":[{"href":"https:\/\/zahnarztpraxis-nikolassee.de\/index.php?rest_route=\/wp\/v2\/pages"}],"about":[{"href":"https:\/\/zahnarztpraxis-nikolassee.de\/index.php?rest_route=\/wp\/v2\/types\/page"}],"author":[{"embeddable":true,"href":"https:\/\/zahnarztpraxis-nikolassee.de\/index.php?rest_route=\/wp\/v2\/users\/1"}],"replies":[{"embeddable":true,"href":"https:\/\/zahnarztpraxis-nikolassee.de\/index.php?rest_route=%2Fwp%2Fv2%2Fcomments&post=95"}],"version-history":[{"count":4,"href":"https:\/\/zahnarztpraxis-nikolassee.de\/index.php?rest_route=\/wp\/v2\/pages\/95\/revisions"}],"predecessor-version":[{"id":190,"href":"https:\/\/zahnarztpraxis-nikolassee.de\/index.php?rest_route=\/wp\/v2\/pages\/95\/revisions\/190"}],"wp:attachment":[{"href":"https:\/\/zahnarztpraxis-nikolassee.de\/index.php?rest_route=%2Fwp%2Fv2%2Fmedia&parent=95"}],"curies":[{"name":"wp","href":"https:\/\/api.w.org\/{rel}","templated":true}]}}