{"id":59,"date":"2019-01-04T17:05:26","date_gmt":"2019-01-04T16:05:26","guid":{"rendered":"http:\/\/zahnarztpraxis-nikolassee.de\/?page_id=59"},"modified":"2019-01-04T17:11:40","modified_gmt":"2019-01-04T16:11:40","slug":"datenschutzerklaerung","status":"publish","type":"page","link":"https:\/\/zahnarztpraxis-nikolassee.de\/?page_id=59","title":{"rendered":"Datenschutzerkl\u00e4rung"},"content":{"rendered":"\n<p>Sehr geehrte Patientin, sehr geehrter Patient,<\/p>\n\n\n\n<p>der Schutz Ihrer personenbezogenen Daten ist\nuns wichtig. Nach der EU-Datenschutz-Grundverordnung (DSGVO) sind wir\nverpflichtet, Sie dar\u00fcber zu informieren, zu welchem Zweck unsere Praxis Daten erhebt,\nspeichert oder weiterleitet. Der Information k\u00f6nnen Sie auch entnehmen, welche\nRechte Sie in puncto Datenschutz haben.<\/p>\n\n\n\n<p><strong>1. VERANTWORTLICHKEIT F\u00dcR\nDIE DATENVERARBEITUNG<\/strong><\/p>\n\n\n\n<p>Verantwortlich f\u00fcr die Datenverarbeitung ist: <\/p>\n\n\n\n<p>Zahnarztpraxis Birgit Sch\u00fctz<\/p>\n\n\n\n<p>Normannenstr. 1, 14129 Berlin <\/p>\n\n\n\n<p>Sie erreichen die\/den zust\u00e4ndige\/n\nDatenschutzbeauftragte\/n unter: <\/p>\n\n\n\n<p>Name:  Birgit Sch\u00fctz<\/p>\n\n\n\n<p>Anschrift: Normannenstr. 1, 14129 Berlin<\/p>\n\n\n\n<p>Telefon: 030 803 67 20<\/p>\n\n\n\n<p><strong>2. ZWECK DER\nDATENVERARBEITUNG<\/strong><\/p>\n\n\n\n<p>Die Datenverarbeitung erfolgt aufgrund\ngesetzlicher Vorgaben, um den Behandlungsvertrag zwischen Ihnen und Ihrem Arzt und\ndie damit verbundenen Pflichten zu erf\u00fcllen. <\/p>\n\n\n\n<p>Hierzu verarbeiten wir Ihre personenbezogenen\nDaten, insbesondere Ihre Gesundheitsdaten. Dazu z\u00e4hlen Anamnesen, Diagnosen, Therapievorschl\u00e4ge\nund Befunde, die wir oder andere \u00c4rzte erheben. Zu diesen Zwecken k\u00f6nnen uns\nauch andere \u00c4rzte oder Psychotherapeuten, bei denen Sie in Behandlung sind, Daten\nzur Verf\u00fcgung stellen (z.B. in Arztbriefen). <\/p>\n\n\n\n<p>Die Erhebung von Gesundheitsdaten ist Voraussetzung\nf\u00fcr Ihre Behandlung. Werden die notwendigen Informationen nicht bereitgestellt,\nkann eine sorgf\u00e4ltige Behandlung nicht erfolgen. <\/p>\n\n\n\n<p><strong>3. EMPF\u00c4NGER IHRER DATEN<\/strong><\/p>\n\n\n\n<p>Wir \u00fcbermitteln Ihre personenbezogenen Daten\nnur dann an Dritte, wenn dies gesetzlich erlaubt ist oder Sie eingewilligt\nhaben. <\/p>\n\n\n\n<p>Empf\u00e4nger Ihrer personenbezogenen Daten k\u00f6nnen\nvor allem andere \u00c4rzte \/ Psychotherapeuten, Kassen\u00e4rztliche Vereinigungen,\nKrankenkassen, der Medizinische Dienst der Krankenversicherung, \u00c4rztekammern\nund privat\u00e4rztliche Verrechnungsstellen sein. <\/p>\n\n\n\n<p>Die \u00dcbermittlung erfolgt \u00fcberwiegend zum\nZwecke der Abrechnung der bei Ihnen erbrachten Leistungen, zur Kl\u00e4rung von\nmedizinischen und sich aus Ihrem Versicherungsverh\u00e4ltnis ergebenden Fragen. Im\nEinzelfall erfolgt die \u00dcbermittlung von Daten an weitere berechtigte Empf\u00e4nger.<\/p>\n\n\n\n<p><strong>4. SPEICHERUNG IHRER DATEN<\/strong><\/p>\n\n\n\n<p>Wir bewahren Ihre personenbezogenen Daten nur\nsolange auf, wie dies f\u00fcr die Durchf\u00fchrung der Behandlung erforderlich ist. <\/p>\n\n\n\n<p>Aufgrund rechtlicher Vorgaben sind wir dazu verpflichtet,\ndiese Daten mindestens 10 Jahre nach Abschluss der Behandlung aufzubewahren.\nNach anderen Vorschriften k\u00f6nnen sich l\u00e4ngere Aufbewahrungsfristen ergeben, zum\nBeispiel 30 Jahre bei R\u00f6ntgenaufzeichnungen laut Paragraf 28 Absatz 3 der R\u00f6ntgenverordnung.<\/p>\n\n\n\n<p><strong>5. IHRE RECHTE <\/strong><\/p>\n\n\n\n<p>Sie haben das Recht, \u00fcber die Sie betreffenden\npersonenbezogenen Daten Auskunft zu erhalten. Auch k\u00f6nnen Sie die Berichtigung\nunrichtiger Daten verlangen.<\/p>\n\n\n\n<p>Dar\u00fcber hinaus steht Ihnen unter bestimmten\nVoraussetzungen das Recht auf L\u00f6schung von Daten, das Recht auf Einschr\u00e4nkung\nder Datenverarbeitung sowie das Recht auf Daten\u00fcbertragbarkeit zu.<\/p>\n\n\n\n<p>Die Verarbeitung Ihrer Daten erfolgt auf Basis\nvon gesetzlichen Regelungen. Nur in Ausnahmef\u00e4llen ben\u00f6tigen wir Ihr\nEinverst\u00e4ndnis. In diesen F\u00e4llen haben Sie das Recht, die Einwilligung f\u00fcr die\nzuk\u00fcnftige Verarbeitung zu widerrufen.<\/p>\n\n\n\n<p>Sie haben ferner das Recht, sich bei der\nzust\u00e4ndigen Aufsichtsbeh\u00f6rde f\u00fcr den Datenschutz zu beschweren, wenn Sie der\nAnsicht sind, dass die Verarbeitung Ihrer personenbezogenen Daten nicht rechtm\u00e4\u00dfig\nerfolgt. <\/p>\n\n\n\n<p>Die Anschrift der f\u00fcr uns zust\u00e4ndigen\nAufsichtsbeh\u00f6rde lautet:<\/p>\n\n\n\n<p>Name:  <br>Berliner Beauftragte f\u00fcr Datenschutz und Informationsfreiheit <\/p>\n\n\n\n<p>Anschrift:  <br>Friedrichstr. 219, 10969 Berlin <\/p>\n\n\n\n<p><strong>6. RECHTLICHE GRUNDLAGEN<\/strong><\/p>\n\n\n\n<p>Rechtsgrundlage f\u00fcr die Verarbeitung Ihrer\nDaten ist Artikel 9 Absatz 2 lit. h) DSGVO in Verbindung mit Paragraf 22 Absatz\n1 Nr. 1 lit. b) Bundesdatenschutzgesetz. Sollten Sie Fragen haben, k\u00f6nnen Sie\nsich gern an uns wenden.<\/p>\n\n\n\n<p>Ihr Praxisteam <\/p>\n","protected":false},"excerpt":{"rendered":"<p>Sehr geehrte Patientin, sehr geehrter Patient, der Schutz Ihrer personenbezogenen Daten ist uns wichtig. Nach der EU-Datenschutz-Grundverordnung (DSGVO) sind wir verpflichtet, Sie dar\u00fcber zu informieren, zu welchem Zweck unsere Praxis Daten erhebt, speichert oder weiterleitet. Der Information k\u00f6nnen Sie auch entnehmen, welche Rechte Sie in puncto Datenschutz haben. 1. VERANTWORTLICHKEIT<\/p>\n","protected":false},"author":1,"featured_media":0,"parent":0,"menu_order":0,"comment_status":"closed","ping_status":"closed","template":"","meta":{"footnotes":""},"class_list":["post-59","page","type-page","status-publish","hentry"],"_links":{"self":[{"href":"https:\/\/zahnarztpraxis-nikolassee.de\/index.php?rest_route=\/wp\/v2\/pages\/59","targetHints":{"allow":["GET"]}}],"collection":[{"href":"https:\/\/zahnarztpraxis-nikolassee.de\/index.php?rest_route=\/wp\/v2\/pages"}],"about":[{"href":"https:\/\/zahnarztpraxis-nikolassee.de\/index.php?rest_route=\/wp\/v2\/types\/page"}],"author":[{"embeddable":true,"href":"https:\/\/zahnarztpraxis-nikolassee.de\/index.php?rest_route=\/wp\/v2\/users\/1"}],"replies":[{"embeddable":true,"href":"https:\/\/zahnarztpraxis-nikolassee.de\/index.php?rest_route=%2Fwp%2Fv2%2Fcomments&post=59"}],"version-history":[{"count":3,"href":"https:\/\/zahnarztpraxis-nikolassee.de\/index.php?rest_route=\/wp\/v2\/pages\/59\/revisions"}],"predecessor-version":[{"id":62,"href":"https:\/\/zahnarztpraxis-nikolassee.de\/index.php?rest_route=\/wp\/v2\/pages\/59\/revisions\/62"}],"wp:attachment":[{"href":"https:\/\/zahnarztpraxis-nikolassee.de\/index.php?rest_route=%2Fwp%2Fv2%2Fmedia&parent=59"}],"curies":[{"name":"wp","href":"https:\/\/api.w.org\/{rel}","templated":true}]}}