{"id":169,"date":"2021-01-26T13:03:03","date_gmt":"2021-01-26T12:03:03","guid":{"rendered":"http:\/\/zahnarztpraxis-nikolassee.de\/?page_id=169"},"modified":"2025-12-11T08:09:24","modified_gmt":"2025-12-11T07:09:24","slug":"impressum","status":"publish","type":"page","link":"https:\/\/zahnarztpraxis-nikolassee.de\/?page_id=169","title":{"rendered":"Impressum"},"content":{"rendered":"\n<h3 class=\"wp-block-heading\">Birgit Sch\u00fctz<\/h3>\n\n\n\n<p>Normannenstr. 1<br>14129 Berlin-Schlachtensee<\/p>\n\n\n\n<p>Telefon:&nbsp;<a href=\"tel:+49308036720\">(030) 8036720<\/a><\/p>\n\n\n\n<p>E-Mail:&nbsp;<a href=\"mailto:rezeption@zahnarztpraxis-nikolassee.de\">rezeption@zahnarztpraxis-nikolassee.de<\/a><br>Internet:&nbsp;<a href=\"http:\/\/www.zahnarztpraxis-nikolassee.de\">www.zahnarztpraxis-nikolassee.de<\/a><\/p>\n\n\n\n<p>Birgit Sch\u00fctz ist Mitglied der Zahn\u00e4rztekammer Berlin. Sie f\u00fchrt die Berufsbezeichnung Zahn\u00e4rztin. Der Titel wurden in der Bundesrepublik Deutschland verliehen.<\/p>\n\n\n\n<h3 class=\"wp-block-heading\">Zust\u00e4ndige Kammer<\/h3>\n\n\n\n<p>Zahn\u00e4rztekammer Berlin<br>Stallstr. 1, 10585 Berlin<br>Telefon\u00a0<a href=\"tel:+4930348080\">030 \u2013 348080<\/a><br>Internet\u00a0<a href=\"https:\/\/www.zaek-berlin.de\/\" target=\"_blank\" rel=\"noreferrer noopener\">www.zaek-berlin.de<\/a><\/p>\n\n\n\n<h3 class=\"wp-block-heading\">Relevante rechtliche Regelungen<\/h3>\n\n\n\n<ul class=\"wp-block-list\">\n<li>Zahnheilkundegesetz<\/li>\n\n\n\n<li>Berliner Kammergesetz<\/li>\n\n\n\n<li>Geb\u00fchrenordnung f\u00fcr Zahn\u00e4rzte<\/li>\n\n\n\n<li>Berufsordnung der Zahn\u00e4rztekammer Berlin<\/li>\n<\/ul>\n\n\n\n<p>Sie finden die aktuell g\u00fcltigen Fassungen dieser Gesetze und Verordnungen des Landes Berlin auf der Zahn\u00e4rztekammer Berlin&nbsp;<a rel=\"noreferrer noopener\" href=\"https:\/\/www.zaek-berlin.de\/\" target=\"_blank\">www.zaek-berlin.de<\/a>.<\/p>\n\n\n\n<h3 class=\"wp-block-heading\">Haftungshinweise<\/h3>\n\n\n\n<p>Auf dieser Seite sind Links zu anderen Seiten im Internet gelegt. Wir betonen ausdr\u00fccklich, dass wir keinerlei Einfluss auf die Gestaltung und die Inhalte der verlinkten Seiten haben. F\u00fcr die Inhalte, zu denen verlinkt wird, sind die Anbieter der jeweiligen Webseiten selbst verantwortlich. Deshalb distanzieren wir uns hiermit ausdr\u00fccklich von allen Inhalten jeglicher verlinkten Seiten auf dieser Website.<\/p>\n\n\n\n<p>Wir sind bem\u00fcht, f\u00fcr die Richtigkeit und Aktualit\u00e4t aller auf dieser Website enthaltenen Informationen und Daten zu sorgen. Eine Haftung oder Garantie f\u00fcr die Aktualit\u00e4t, Richtigkeit und Vollst\u00e4ndigkeit der zur Verf\u00fcgung gestellten Informationen und Daten ist jedoch ausgeschlossen. F\u00fcr Sch\u00e4den, die sich aus der Verwendung der abgerufenen Informationen ergeben, wird keine Haftung \u00fcbernommen. Wir behalten uns vor, ohne Ank\u00fcndigung \u00c4nderungen oder Erg\u00e4nzungen der bereitgestellten Informationen oder Daten vorzunehmen.<\/p>\n\n\n\n<h3 class=\"wp-block-heading\">Urheberrecht<\/h3>\n\n\n\n<p>Die Inhalte dieser Website sind urheberrechtlich gesch\u00fctzt. Ohne schriftliche Genehmigung der Zahnarztpraxis Birgit Sch\u00fctz darf der Inhalt dieser Seite in keiner Form reproduziert, ver\u00e4ndert, vervielf\u00e4ltigt oder verbreitet werden.<\/p>\n\n\n\n<h3 class=\"wp-block-heading\">Verantwortlich<\/h3>\n\n\n\n<p><em>Inhaltlich Verantwortlicher gem\u00e4\u00df \u00a7 55 Abs<a rel=\"noreferrer noopener\" href=\"http:\/\/muster-impressum.de\/vorlagen\/musterimpressum-fuer-einen-zahnarzt\/\" target=\"_blank\">.<\/a>&nbsp;1 RStV:&nbsp; Zahn\u00e4rztin Birgit Sch\u00fctz<\/em><\/p>\n","protected":false},"excerpt":{"rendered":"<p>Birgit Sch\u00fctz Normannenstr. 114129 Berlin-Schlachtensee Telefon:&nbsp;(030) 8036720 E-Mail:&nbsp;rezeption@zahnarztpraxis-nikolassee.deInternet:&nbsp;www.zahnarztpraxis-nikolassee.de Birgit Sch\u00fctz ist Mitglied der Zahn\u00e4rztekammer Berlin. Sie f\u00fchrt die Berufsbezeichnung Zahn\u00e4rztin. Der Titel wurden in der Bundesrepublik Deutschland verliehen. Zust\u00e4ndige Kammer Zahn\u00e4rztekammer BerlinStallstr. 1, 10585 BerlinTelefon\u00a0030 \u2013 348080Internet\u00a0www.zaek-berlin.de Relevante rechtliche Regelungen Sie finden die aktuell g\u00fcltigen Fassungen dieser Gesetze und Verordnungen<\/p>\n","protected":false},"author":1,"featured_media":0,"parent":0,"menu_order":0,"comment_status":"closed","ping_status":"closed","template":"","meta":{"footnotes":""},"class_list":["post-169","page","type-page","status-publish","hentry"],"_links":{"self":[{"href":"https:\/\/zahnarztpraxis-nikolassee.de\/index.php?rest_route=\/wp\/v2\/pages\/169","targetHints":{"allow":["GET"]}}],"collection":[{"href":"https:\/\/zahnarztpraxis-nikolassee.de\/index.php?rest_route=\/wp\/v2\/pages"}],"about":[{"href":"https:\/\/zahnarztpraxis-nikolassee.de\/index.php?rest_route=\/wp\/v2\/types\/page"}],"author":[{"embeddable":true,"href":"https:\/\/zahnarztpraxis-nikolassee.de\/index.php?rest_route=\/wp\/v2\/users\/1"}],"replies":[{"embeddable":true,"href":"https:\/\/zahnarztpraxis-nikolassee.de\/index.php?rest_route=%2Fwp%2Fv2%2Fcomments&post=169"}],"version-history":[{"count":6,"href":"https:\/\/zahnarztpraxis-nikolassee.de\/index.php?rest_route=\/wp\/v2\/pages\/169\/revisions"}],"predecessor-version":[{"id":199,"href":"https:\/\/zahnarztpraxis-nikolassee.de\/index.php?rest_route=\/wp\/v2\/pages\/169\/revisions\/199"}],"wp:attachment":[{"href":"https:\/\/zahnarztpraxis-nikolassee.de\/index.php?rest_route=%2Fwp%2Fv2%2Fmedia&parent=169"}],"curies":[{"name":"wp","href":"https:\/\/api.w.org\/{rel}","templated":true}]}}