{"id":123,"date":"2020-11-01T17:20:17","date_gmt":"2020-11-01T16:20:17","guid":{"rendered":"http:\/\/zahnarztpraxis-nikolassee.de\/?page_id=123"},"modified":"2020-11-01T17:20:17","modified_gmt":"2020-11-01T16:20:17","slug":"praxisleistungen","status":"publish","type":"page","link":"https:\/\/zahnarztpraxis-nikolassee.de\/?page_id=123","title":{"rendered":"Praxisleistungen"},"content":{"rendered":"\n<p>Die Leistungen unserer Praxis richten sich an Patienten aller Altersgruppen &#8211; von Kindern bis zu Senioren. Im einzeln umfassen die Leistungen:<\/p>\n\n\n\n<p><strong>Zahnerhaltung<br><\/strong>\u00c4sthetische und funktionelle F\u00fcllungstherapie mit verschiedenen F\u00fcllungsmaterialien.<\/p>\n\n\n\n<p><strong>Prothetik<\/strong><br>Zahnersatz von einzelnen Z\u00e4hnen mit Inlays, (Teil-)Kronen bis zur Anfertigung von Teil- und Vollprothesen oder die Versorgung von Implantaten.<\/p>\n\n\n\n<p><strong>Schienentherapie<\/strong><br>Behandlung von Parafunktionen und Bruxismus.<\/p>\n\n\n\n<p><strong>Prophylaxe<\/strong><br>Individuelle professionelle Zahnreinigung durch Fachkr\u00e4fte f\u00fcr alle Altersgruppen.<\/p>\n\n\n\n<p><strong>Chirurgie<\/strong><br>Entfernung von Z\u00e4hnen.<\/p>\n\n\n\n<p><strong>Parodontologie<\/strong><br>Behandlung von Paradontitis.<\/p>\n\n\n\n<p>Das Behandlungskonzept meiner Praxis beruht auf Kompetenz durch jahrelange Erfahrung und Weiterentwicklung durch regelm\u00e4\u00dfige Fortbildungen und den Austausch mit Kollegen. Wir sind interdisziplin\u00e4r vernetzt und arbeiten mit verschiedenen Oralchirurgen, Kieferorthop\u00e4den, anderen Zahn\u00e4rzten aber auch mit Allgemeinmedizinern, Logop\u00e4den und Physiotherapeuten zusammen, um f\u00fcr den Patienten das bestm\u00f6gliche Ergebnis zu erzielen.<\/p>\n\n\n\n<p>Wir entwickeln f\u00fcr unsere Patienten ein individuelles Behandlungskonzept, das sowohl den zahn\u00e4rztlichen Erfordernissen Rechnung tr\u00e4gt, aber auch den spezifischen Bed\u00fcrfnissen des Patienten entgegenkommt, sofern dies den medizinischen Notwendigkeiten nicht entgegensteht.<\/p>\n\n\n\n<p>Wir beraten ausf\u00fchrlich und erl\u00e4utern die Behandlungsschritte. Zur Vorsorge bieten wir als Privatleistung Individualprophylaxe an, um die Erhaltung der Zahngesundheit bestm\u00f6glich zu unterst\u00fctzen. Wir verf\u00fcgen \u00fcber moderne Behandlungseinrichtungen und verwenden moderne diagnostische und therapeutische Verfahren wie digitales R\u00f6ntgen und Interoralkameras. <\/p>\n\n\n\n<p>Wartezeiten versuchen wir mit Unterst\u00fctzung unserer Patienten zu vermeiden. Im Regelfall k\u00f6nnen wir vereinbarte Behandlungstermine nur dann nicht einhalten, wenn Notf\u00e4lle auftreten oder die Behandlung von Schmerzpatienten erforderlich ist. Aber auch dann versuchen wir gemeinsam mit dem Patienten eine tragbare L\u00f6sung zu finden.<\/p>\n\n\n\n<p>Wenn Sie Fragen zu unserem Behandlungskonzept haben, beantworten wir Ihnen diese gerne im Rahmen eines Behandlungstermins.<\/p>\n","protected":false},"excerpt":{"rendered":"<p>Die Leistungen unserer Praxis richten sich an Patienten aller Altersgruppen &#8211; von Kindern bis zu Senioren. Im einzeln umfassen die Leistungen: Zahnerhaltung\u00c4sthetische und funktionelle F\u00fcllungstherapie mit verschiedenen F\u00fcllungsmaterialien. ProthetikZahnersatz von einzelnen Z\u00e4hnen mit Inlays, (Teil-)Kronen bis zur Anfertigung von Teil- und Vollprothesen oder die Versorgung von Implantaten. SchienentherapieBehandlung von Parafunktionen<\/p>\n","protected":false},"author":1,"featured_media":0,"parent":0,"menu_order":0,"comment_status":"closed","ping_status":"closed","template":"","meta":{"footnotes":""},"class_list":["post-123","page","type-page","status-publish","hentry"],"_links":{"self":[{"href":"https:\/\/zahnarztpraxis-nikolassee.de\/index.php?rest_route=\/wp\/v2\/pages\/123","targetHints":{"allow":["GET"]}}],"collection":[{"href":"https:\/\/zahnarztpraxis-nikolassee.de\/index.php?rest_route=\/wp\/v2\/pages"}],"about":[{"href":"https:\/\/zahnarztpraxis-nikolassee.de\/index.php?rest_route=\/wp\/v2\/types\/page"}],"author":[{"embeddable":true,"href":"https:\/\/zahnarztpraxis-nikolassee.de\/index.php?rest_route=\/wp\/v2\/users\/1"}],"replies":[{"embeddable":true,"href":"https:\/\/zahnarztpraxis-nikolassee.de\/index.php?rest_route=%2Fwp%2Fv2%2Fcomments&post=123"}],"version-history":[{"count":2,"href":"https:\/\/zahnarztpraxis-nikolassee.de\/index.php?rest_route=\/wp\/v2\/pages\/123\/revisions"}],"predecessor-version":[{"id":125,"href":"https:\/\/zahnarztpraxis-nikolassee.de\/index.php?rest_route=\/wp\/v2\/pages\/123\/revisions\/125"}],"wp:attachment":[{"href":"https:\/\/zahnarztpraxis-nikolassee.de\/index.php?rest_route=%2Fwp%2Fv2%2Fmedia&parent=123"}],"curies":[{"name":"wp","href":"https:\/\/api.w.org\/{rel}","templated":true}]}}